{"id":15440,"date":"2022-02-14T07:22:18","date_gmt":"2022-02-14T06:22:18","guid":{"rendered":"http:\/\/banquerichelieumonaco.com\/mentions-legales\/"},"modified":"2024-02-29T17:15:53","modified_gmt":"2024-02-29T16:15:53","slug":"legal-notice","status":"publish","type":"page","link":"https:\/\/banquerichelieumonaco.com\/en\/legal-notice\/","title":{"rendered":"Legal notice"},"content":{"rendered":"\t\t<div data-elementor-type=\"wp-page\" data-elementor-id=\"15440\" class=\"elementor elementor-15440\" data-elementor-post-type=\"page\">\n\t\t\t\t\t\t<section data-particle_enable=\"false\" data-particle-mobile-disabled=\"false\" class=\"elementor-section elementor-top-section elementor-element elementor-element-5574429 elementor-section-full_width elementor-section-height-default elementor-section-height-default\" data-id=\"5574429\" data-element_type=\"section\" data-e-type=\"section\" data-settings=\"{&quot;background_background&quot;:&quot;classic&quot;}\">\n\t\t\t\t\t\t\t<div class=\"elementor-background-overlay\"><\/div>\n\t\t\t\t\t\t\t<div class=\"elementor-container elementor-column-gap-no\">\n\t\t\t\t\t<div class=\"elementor-column elementor-col-66 elementor-top-column elementor-element elementor-element-c003952\" data-id=\"c003952\" data-element_type=\"column\" data-e-type=\"column\" data-settings=\"{&quot;background_background&quot;:&quot;classic&quot;}\">\n\t\t\t<div class=\"elementor-widget-wrap elementor-element-populated\">\n\t\t\t\t\t\t<div class=\"elementor-element elementor-element-a026628 elementor-widget elementor-widget-spacer\" data-id=\"a026628\" data-element_type=\"widget\" data-e-type=\"widget\" data-widget_type=\"spacer.default\">\n\t\t\t\t<div class=\"elementor-widget-container\">\n\t\t\t\t\t\t\t<div class=\"elementor-spacer\">\n\t\t\t<div class=\"elementor-spacer-inner\"><\/div>\n\t\t<\/div>\n\t\t\t\t\t\t<\/div>\n\t\t\t\t<\/div>\n\t\t\t\t\t<\/div>\n\t\t<\/div>\n\t\t\t\t<div class=\"elementor-column elementor-col-33 elementor-top-column elementor-element elementor-element-73c23d4\" data-id=\"73c23d4\" data-element_type=\"column\" data-e-type=\"column\" data-settings=\"{&quot;background_background&quot;:&quot;gradient&quot;}\">\n\t\t\t<div class=\"elementor-widget-wrap elementor-element-populated\">\n\t\t\t\t\t\t<div class=\"elementor-element elementor-element-f36c470 elementor-widget elementor-widget-spacer\" data-id=\"f36c470\" data-element_type=\"widget\" data-e-type=\"widget\" data-widget_type=\"spacer.default\">\n\t\t\t\t<div class=\"elementor-widget-container\">\n\t\t\t\t\t\t\t<div class=\"elementor-spacer\">\n\t\t\t<div class=\"elementor-spacer-inner\"><\/div>\n\t\t<\/div>\n\t\t\t\t\t\t<\/div>\n\t\t\t\t<\/div>\n\t\t\t\t<div class=\"elementor-element elementor-element-9fda002 elementor-widget elementor-widget-heading\" data-id=\"9fda002\" data-element_type=\"widget\" data-e-type=\"widget\" data-widget_type=\"heading.default\">\n\t\t\t\t<div class=\"elementor-widget-container\">\n\t\t\t\t\t<h1 class=\"elementor-heading-title elementor-size-default\"> <b>Legal<\/b> Notice<\/h1>\t\t\t\t<\/div>\n\t\t\t\t<\/div>\n\t\t\t\t<div class=\"elementor-element elementor-element-968dcc2 elementor-widget elementor-widget-spacer\" data-id=\"968dcc2\" data-element_type=\"widget\" data-e-type=\"widget\" data-widget_type=\"spacer.default\">\n\t\t\t\t<div class=\"elementor-widget-container\">\n\t\t\t\t\t\t\t<div class=\"elementor-spacer\">\n\t\t\t<div class=\"elementor-spacer-inner\"><\/div>\n\t\t<\/div>\n\t\t\t\t\t\t<\/div>\n\t\t\t\t<\/div>\n\t\t\t\t\t<\/div>\n\t\t<\/div>\n\t\t\t\t\t<\/div>\n\t\t<\/section>\n\t\t\t\t<section data-particle_enable=\"false\" data-particle-mobile-disabled=\"false\" class=\"elementor-section elementor-top-section elementor-element elementor-element-ca34764 elementor-section-boxed elementor-section-height-default elementor-section-height-default\" data-id=\"ca34764\" data-element_type=\"section\" data-e-type=\"section\">\n\t\t\t\t\t\t<div class=\"elementor-container elementor-column-gap-default\">\n\t\t\t\t\t<div class=\"elementor-column elementor-col-100 elementor-top-column elementor-element elementor-element-1b8e183\" data-id=\"1b8e183\" data-element_type=\"column\" data-e-type=\"column\">\n\t\t\t<div class=\"elementor-widget-wrap elementor-element-populated\">\n\t\t\t\t\t\t<div class=\"elementor-element elementor-element-7443da3 elementor-widget elementor-widget-text-editor\" data-id=\"7443da3\" data-element_type=\"widget\" data-e-type=\"widget\" data-widget_type=\"text-editor.default\">\n\t\t\t\t<div class=\"elementor-widget-container\">\n\t\t\t\t\t\t\t\t\t<div class=\"desc\"><div id=\"services\"><div class=\"pageWrapper noMargin\"><div class=\"main\"><div class=\"container-fluid\"><div><div class=\"descMarg\"><h4>General Information<\/h4><div class=\"desc\"><p>You have logged into the https:\/\/banquerichelieumonaco.com website.<br \/><strong>Please check the following pages everytime you visit this website, which may be modified at any time.<\/strong><\/p><div class=\"desc\">This site has been edited by:<\/div><div class=\"grayBack\"><strong>Banque Richelieu Monaco<\/strong><br \/>Monegasque public limited company with a capital of 27.400.000 euros<br \/>Tel : +377 92 16 55 55<br \/>Head Office : 8, avenue de Grande-Bretagne \u2013 98000 Monaco<br \/>Registration with the Monaco Commercial and Companies Registry under number 96 S 03147<br \/>Intra-Community VAT Number: FR44 000 038 843<\/div><div class=\"desc\"><p>The Publication\u2019s Manager is Mr. Thomas Lhuillier in his capacity as General Manager.<br \/>The design, development and maintenance are provided by <a href=\"https:\/\/www.agencesand.fr\/\">Agence SAND<\/a>.<\/p><p>Hosting is provided by :\u00a0<br \/><a href=\"https:\/\/www.cognix-systems.com\/hebergement.php\">Cognix Systems<\/a>\u00a0 from OVH Platform<br \/>RCS Roubaix-Tourcoing B 424 761 419<br \/>Head Office : 140 Quai du Sartel<br \/>59100 ROUBAIX \u2013 France\u00a0<\/p><p>Banque Richelieu Monaco is a credit institution, providing investment services under Monegasque law, authorised and controlled by the French Prudential Supervision and Resolution Authority (ACPR, 61 rue Taitbout 75436 Paris Cedex 09) and supervised by the Financial Markets Regulator (AMF, 17, place de la Bourse &#8211; 75082 Paris Cedex 02), under the supervision of the European Central Bank (ECB), to conduct any banking transactions, as well as the acceptance, communication and enforcement of orders on behalf of third parties, to management portfolios on behalf of third parties, and investment custody account-keeping.<\/p><\/div><\/div><h4>Objective of the site<\/h4><div class=\"desc\"><p>This website intends to provide surfers with information on the products and services offered by Banque Richelieu Monaco. It also helps Banque Richelieu Monaco customers check accounts and the bank\u2019s partners access certain figures. This website is for advisory purposes only, and thus you cannot conduct any kind of transaction.<br \/>The availability of information on this website does not amount to :<\/p><div class=\"benefitsListing\"><ul><li>A service or product range,<\/li><li>A proposal or incentive for an investment or arbitrage of financial securities,<\/li><li>Any solicitation for the purchase or sale of financial securities or other investment product,<\/li><li>A recommendation, or<\/li><li>A contractual element.<\/li><\/ul><\/div><p>Any use of this website amounts to unconditional acceptance by all surfers, customers and partners, of the provisions contained in these legal notices.<\/p><\/div><h4>Restrictions<\/h4><div class=\"desc\"><p>Certain statutes prohibit the distribution of and access to this website, or the use of collected data. Please make sure you are lawfully authorised to log into this website in the country (State) where the login takes place.<\/p><p>In addition, access to products and services described in this website may be prohibited for certain people in certain countries (States). Certain products or services advertised on this website may only be ordered in States where their marketing and promotion are authorised. Therefore, we advise you to make sure that you are legally authorised to potentially order the products and services advertised on this website.<\/p><\/div><h4>Site access Conditions<\/h4><div class=\"desc\"><p>Users of this site acknowledge that they have the skills and resources needed to access and use the website.<\/p><p>Banque Richelieu Monaco shall not be held liable for any elements outside its control and any damage potentially sustained by the user\u2019s technical facilities and especially their computers, software, network equipment and any other material used to access or use the service and\/or the information.<\/p><p>Any expenses incurred to access and use the telecommunications networks shall be borne by the user, following the methods set by the suppliers for access and by operators for telecommunication.<\/p><\/div><h4>Content of the site<\/h4><div class=\"desc\"><p>Banque Richelieu reserves the right to correct the content of this website at any time and without any prior notice. Banque Richelieu Monaco shall not be held liable in the event of any delay, error or omission in terms of the content of these pages, or in case of disruption or unavailability of the service.<\/p><p>Even though the information posted on the website has been provided in good faith and\/or by trustworthy sources, Banque Richelieu Monaco does not guarantee its accuracy, comprehensiveness, relevance or reliability, particularly taking to account terms for update, handling and checks. It is subject to modification at any time and without prior notice.<\/p><p>The user must check the accuracy of this information and use it while keeping a critical eye. In this respect, Banque Richelieu Monaco may not be held liable for any decision based on any information contained in this website, or for its potential use by third parties.<\/p><p>If the user holds an open bank account in Banque Richelieu Monaco\u2019s books, the latter may under no circumstance be held liable for any delay in the update of balances, positions and statements or portfolios, this information being approximate.<\/p><p>Banque Richelieu Monaco shall circulate information (or financial data) on their website, whose distribution rights have been granted by datafeed suppliers. Said information is protected by copyright laws. Any modification, publication, redistribution or reproductions of said information in order to provide them to a third party is strictly prohibited. Any reproduction or generally speaking any unauthorised use of information shall result in the user\u2019s liability.<\/p><p>Banque Richelieu Monaco, as well as datafeed suppliers must strive to ensure the accuracy and update of information, but do not guarantee the absence of error, quality, availability, comprehensiveness or timing in any way.<\/p><\/div><h4>Warning<\/h4><div class=\"desc\"><p>The user must pay attention to the following warnings :<\/p><p>The information on the website, particularly regarding financial instruments, shall not be construed as a solicitation, offer or recommendation to purchase or sale, or any encouragement to make any kind of investment. Any past performance shall under no circumstances be construed as future performance and may fluctuate over time. In addition, no element on the website shall amount to financial, legal, tax or other type of advice or be used as grounds for an investment or other type of decision. We recommend you to obtain professional advice before taking an investment decision and to conduct any relevant checks. The Bank shall not be held liable for any use of said information which does not conform to these rules.<\/p><\/div><h4>Dispute resolution<\/h4><div class=\"desc\"><p>Our Institution always endeavours to provide the finest service quality. However, difficulties may be encountered while operating your account or in the use of the available services. In order to solve any disputes, three successive levels of remedies are offered to you, which are specified on our website.<\/p><\/div><h4>Intellectual property<\/h4><div class=\"desc\"><p>Banque Richelieu Monaco owns and\/or is authorised to exercise all rights over all the elements contained in this website, especially data, drawings, graphs, photos and documents, as well as databases and software. Any reproduction, representation, distribution or redistribution, of the content of this website, in whole or in part, by whatever method, without the previous express authorisation of Banque Richelieu Monaco is prohibited, and shall amount to counterfeit, which is punished under Article L. 335-2 et seq. of the Intellectual Property Code.<\/p><\/div><h4>Hypertext links and viruses<\/h4><div class=\"desc\"><p>Banque Richelieu Monaco shall not be held liable for a website not edited by Banque Richelieu Monaco (hereinafter, the \u201cthird-party site(s)\u201d) which the user may access via this website; Banque Richelieu having no control over the content of such third-party sites. In no event shall Banque Richelieu Monaco be held liable for the unavailability of third-party sites, their content, advertisements or other available elements. Banque Richelieu shall not be held liable for any hyperlinks to this website; provided, however, that any link to this website must be previously authorised in writing by Banque Richelieu Monaco. The user must take any necessary precautions and make sure that the selected third-party website has no viruses or any other destructive component.<\/p><\/div><h4>Jurisdiction<\/h4><div class=\"desc\"><p>This website is governed by Monegasque law and any litigation shall be subject to the jurisdiction of competent appellate courts in Monaco.<\/p><\/div><h4>Personal data protection<\/h4><div class=\"desc\"><span style=\"color: #000000;\"><br \/><a style=\"color: #000000;\" href=\"http:\/\/www.banquerichelieumonaco.com\/Personal%20Data%20Protection%20Policy.html\" target=\"_blank\" rel=\"noopener\">Personal data protection policy of Banque Richelieu Monaco<\/a><\/span><\/div><h4>\u00a0<\/h4><h4>Deposit and Resolution Guarantee Fund (DRGF)<\/h4><div class=\"desc\"><p>Banque Richelieu Monaco adheres to the DRGF created under French law in June 25th 1999, which provides compensation to depositors and investors for their securities and deposits in the event of bankruptcy of their banking institution or financial and unavailability of their assets.<\/p><p>The Deposit Guarantee indemnifies the depositor under the conditions laid down by the regulations, in particular as regards the nature and amount of the covered deposits and the depositor\u2019s definition, within the limit of a ceiling of 100.000 (one hundred thousand) euros per depositor and under subject to specific conditions.<\/p><p>The securities Guarantee covers the securities per investor in the conditions fixed by regulations, within the limits of a ceiling of 70.000 (seventy thousand) euros.<\/p><p>The sureties Guarantee covers the obligations of bonds issued obligatorily by a banking or financial institution in favor of professionals unders conditions of the ceiling and franchise envisaged by regulation.<\/p><p>We invite you to download the attached information leaflet and to consult the Deposit and Resolution Guarantee Fund (DRGF) for more information:<br \/><span style=\"color: #000000;\"><a style=\"color: #000000;\" href=\"http:\/\/www.garantiedesdepots.fr\/\" target=\"_blank\" rel=\"noopener\">www.garantiedesdepots.fr<\/a><\/span><\/p><p>Download the documentation (<span style=\"color: #000000;\"><a style=\"color: #000000;\" href=\"https:\/\/www.garantiedesdepots.fr\/sites\/default\/files\/fgdr-protecting-your-accounts-in-the-event-that-your-bank-fails-2019.pdf\" target=\"_blank\" rel=\"noopener\">https:\/\/www.garantiedesdepots.fr\/sites\/default\/files\/fgdr-protecting-your-accounts-in-the-event-that-your-bank-fails-2019.pdf<\/a>)<\/span>.<\/p><h4 class=\"p2\">La r\u00e9glementation Common Reporting Standard (CRS)<\/h4><p class=\"p2\">Common Reporting Standard (CRS) est une norme \u00e9labor\u00e9e par l\u2019OCDE en 2014 d\u2019\u00e9change automatique d\u2019information entre pays partenaires \u00e0 des fins de lutte contre l\u2019\u00e9vasion fiscale. Elle s\u2019applique \u00e0 chaque pays engag\u00e9 dans le CRS et l\u2019ayant transpos\u00e9 dans son droit local.<\/p><p class=\"p2\">La France fait partie de la premi\u00e8re vague de pays participants, appel\u00e9s \u00ab pays primo-adoptants \u00bb. Cette liste de pays est compl\u00e9t\u00e9e r\u00e9guli\u00e8rement par de nouveaux pays signataires (liste des pays engag\u00e9s dans le CRS disponible via le lien suivant : <span style=\"color: #000000;\"><a style=\"color: #000000;\" href=\"http:\/\/www.oecd.org\/tax\/automatic-exchange\/commitment-and-monitoring-process\" target=\"_blank\" rel=\"noopener\">http:\/\/www.oecd.org\/tax\/automatic-exchange\/commitment-and-monitoring-process<\/a><\/span>).<\/p><p class=\"p2\">CRS impose aux Institutions Financi\u00e8res (FIs) d\u00e9clarantes localis\u00e9es dans un pays engag\u00e9 dans le CRS d\u2019identifier les clients non-r\u00e9sidents et de les d\u00e9clarer \u00e0 leurs administrations fiscales locales.<\/p><p class=\"p2\">Soucieuse de favoriser la transparence fiscale, Banque Richelieu France s\u2019est mis en conformit\u00e9 avec la r\u00e9glementation CRS d\u00e8s l\u2019entr\u00e9e en vigueur des textes.<\/p><p class=\"p2\">La mise en oeuvre de l\u2019\u00e9change automatique d\u2019informations repose sur l\u2019action combin\u00e9e :<\/p><ul><li class=\"p2\">Des clients titulaires de comptes qui doivent d\u00e9clarer, \u00e0 l\u2019entr\u00e9e en relation et en cas de changement, leur r\u00e9sidence fiscale pour d\u00e9terminer s\u2019ils sont consid\u00e9r\u00e9s ou non comme des \u00ab non-r\u00e9sidents \u00bb via une auto-certification,<\/li><li class=\"p2\">De la Banque qui doit d\u00e9clarer annuellement \u00e0 l\u2019autorit\u00e9 fiscale fran\u00e7aise (FISC) les clients \u00ab non-r\u00e9sidents \u00bb, les soldes de leurs comptes et les revenus financiers qui leur ont \u00e9t\u00e9 pay\u00e9s dans l\u2019ann\u00e9e,<\/li><li class=\"p2\">Du FISC fran\u00e7ais qui transmet ces informations aux autorit\u00e9s fiscales du pays de r\u00e9sidence fiscale du client qui fait l&#8217;objet de cette d\u00e9claration.<\/li><\/ul><p class=\"p2\">Les clients qui ne fourniraient pas les documents requis par le CRS seront d\u00e9clar\u00e9s comme \u00ab non document\u00e9s \u00bb aupr\u00e8s de leur administration fiscale locale et s\u2019exposeraient le cas \u00e9ch\u00e9ant aux sanctions pr\u00e9vues par le droit local.<\/p><p class=\"p2\">La r\u00e9glementation FATCA (Foreign Account Tax Compliance Act)<\/p><p class=\"p2\">FATCA (Foreign Account Tax Compliance Act) est une r\u00e9glementation extraterritoriale am\u00e9ricaine en vigueur depuis le 1er juillet 2014 visant \u00e0 identifier et d\u00e9clarer les contribuables am\u00e9ricains aupr\u00e8s de l\u2019administration fiscale am\u00e9ricaine.<\/p><p class=\"p2\">La r\u00e9glementation FATCA est extraterritoriale : elle s\u2019applique en dehors des Etats-Unis \u00e0 un large p\u00e9rim\u00e8tre d&#8217;institutions financi\u00e8res comprenant des banques mais aussi des fonds d&#8217;investissement, des gestionnaires d&#8217;actifs et des compagnies d&#8217;assurance-vie. Ces derni\u00e8res doivent identifier les personnes am\u00e9ricaines et les d\u00e9clarer annuellement \u00e0 l&#8217;autorit\u00e9 fiscale am\u00e9ricaine, l\u2019IRS (Internal Revenue Service), pour permettre le recoupement automatis\u00e9 avec leurs d\u00e9clarations fiscales individuelles.<\/p><p class=\"p2\">Les obligations contenues dans la r\u00e9glementation d\u00e9pendent du pays dans lequel l\u2019institution financi\u00e8re est localis\u00e9e.<\/p><p class=\"p2\">Pour r\u00e9duire les charges d\u00e9claratives locales, plus de 100 pays (dont la France) ont sign\u00e9 ou se sont engag\u00e9s \u00e0 signer un accord bilat\u00e9ral (\u00ab Intergovernmental Agreement \u00bb &#8211; IGA) qui permet \u00e0 leurs institutions financi\u00e8res d\u2019appliquer les r\u00e8gles locales et d\u2019\u00eatre en relation avec leurs autorit\u00e9s locales.<\/p><p class=\"p2\">Les autres institutions financi\u00e8res, situ\u00e9es dans les pays qui n&#8217;ont pas sign\u00e9 d&#8217;accord, comme la Russie, Monaco ou la plupart des pays d&#8217;Afrique appliquent l\u2019ensemble des r\u00e8gles FATCA, appel\u00e9es Final Regulations, et sont en relation directe avec l&#8217;IRS.<\/p><p class=\"p2\">Le refus, par les interm\u00e9diaires financiers non-am\u00e9ricains ou les clients, de respecter ces obligations est sanctionn\u00e9 par l\u2019application \u00e0 leur encontre d\u2019une retenue \u00e0 la source de 30% sur certains revenus de source US.<\/p><p class=\"p2\">Banque Richelieu France s\u2019est mis en conformit\u00e9 avec la r\u00e9glementation FATCA d\u00e8s l\u2019entr\u00e9e en vigueur des textes.<\/p><p class=\"p2\">Afin d\u2019\u00eatre en conformit\u00e9 avec la loi am\u00e9ricaine, Banque Richelieu France se rapproche de ses clients, personnes physiques ou morales, qui pourraient \u00eatre concern\u00e9s par la r\u00e9glementation FATCA, en :<\/p><ul><li class=\"p2\">Collectant \u00e0 l\u2019entr\u00e9e en relation des informations justifiant de leur situation au regard de FATCA. Si le client est un contribuable am\u00e9ricain ou est enregistr\u00e9e aux US, il devra transmettre un formulaire fiscal US d\u00fbment compl\u00e9t\u00e9, et dans certains cas l\u2019autorisation de lev\u00e9e du secret bancaire. Les clients ne pr\u00e9sentant pas d\u2019indice d\u2019am\u00e9ricanit\u00e9 doivent remplir selon les cas une auto-certification justifiant leur r\u00e9sidence fiscale, un formulaire US ou transmettre toutes les informations utiles justifiant leur r\u00e9sidence.<\/li><li class=\"p2\">En cas de changement de situation et en pr\u00e9sence d\u2019un indice d\u2019am\u00e9ricanit\u00e9, le client devra transmettre une nouvelle documentation pour \u00eatre en conformit\u00e9 \u00e0 FATCA.<\/li><\/ul><p class=\"p2\">En cas d\u2019absence de r\u00e9ponse, le client s\u2019expose \u00e0 une retenue forfaitaire de 30% sur certains de ses revenus de source am\u00e9ricaine.<\/p><p class=\"p2\">Les contribuables am\u00e9ricains seront d\u00e9clar\u00e9s annuellement aupr\u00e8s de l\u2019IRS. Les d\u00e9clarations transmises par Banque Richelieu France incluent notamment des informations sur l\u2019identification de ces clients, le solde de leurs comptes, les revenus financiers, et les produits bruts de cession<\/p><\/div><\/div><\/div><\/div><\/div><\/div><\/div><\/div>\t\t\t\t\t\t\t\t<\/div>\n\t\t\t\t<\/div>\n\t\t\t\t\t<\/div>\n\t\t<\/div>\n\t\t\t\t\t<\/div>\n\t\t<\/section>\n\t\t\t\t<\/div>\n\t\t","protected":false},"excerpt":{"rendered":"<p>Legal Notice General Information You have logged into the https:\/\/banquerichelieumonaco.com website.Please check the following pages everytime you visit this website, which may be modified at any time. This site has been edited by:Banque Richelieu MonacoMonegasque public limited company with a capital of 27.400.000 eurosTel : +377 92 16 55 55Head Office : 8, avenue de<\/p>\n","protected":false},"author":1,"featured_media":0,"parent":0,"menu_order":0,"comment_status":"closed","ping_status":"closed","template":"","meta":{"footnotes":"","_links_to":"","_links_to_target":""},"class_list":["post-15440","page","type-page","status-publish","hentry"],"_links":{"self":[{"href":"https:\/\/banquerichelieumonaco.com\/en\/wp-json\/wp\/v2\/pages\/15440","targetHints":{"allow":["GET"]}}],"collection":[{"href":"https:\/\/banquerichelieumonaco.com\/en\/wp-json\/wp\/v2\/pages"}],"about":[{"href":"https:\/\/banquerichelieumonaco.com\/en\/wp-json\/wp\/v2\/types\/page"}],"author":[{"embeddable":true,"href":"https:\/\/banquerichelieumonaco.com\/en\/wp-json\/wp\/v2\/users\/1"}],"replies":[{"embeddable":true,"href":"https:\/\/banquerichelieumonaco.com\/en\/wp-json\/wp\/v2\/comments?post=15440"}],"version-history":[{"count":7,"href":"https:\/\/banquerichelieumonaco.com\/en\/wp-json\/wp\/v2\/pages\/15440\/revisions"}],"predecessor-version":[{"id":18168,"href":"https:\/\/banquerichelieumonaco.com\/en\/wp-json\/wp\/v2\/pages\/15440\/revisions\/18168"}],"wp:attachment":[{"href":"https:\/\/banquerichelieumonaco.com\/en\/wp-json\/wp\/v2\/media?parent=15440"}],"curies":[{"name":"wp","href":"https:\/\/api.w.org\/{rel}","templated":true}]}}